{"id":41,"date":"2025-02-06T13:33:05","date_gmt":"2025-02-06T13:33:05","guid":{"rendered":"https:\/\/fablabwapi.be\/?page_id=41"},"modified":"2025-02-06T13:33:08","modified_gmt":"2025-02-06T13:33:08","slug":"experts-en-mode","status":"publish","type":"page","link":"https:\/\/fablabwapi.be\/ro\/experts-en-mode\/","title":{"rendered":"Exper\u021bi \u00een mod\u0103"},"content":{"rendered":"","protected":false},"excerpt":{"rendered":"","protected":false},"author":1,"featured_media":0,"parent":0,"menu_order":0,"comment_status":"closed","ping_status":"closed","template":"","meta":{"_acf_changed":false,"footnotes":""},"class_list":["post-41","page","type-page","status-publish","hentry"],"acf":[],"yoast_head":"<!-- This site is optimized with the Yoast SEO plugin v23.2 - https:\/\/yoast.com\/wordpress\/plugins\/seo\/ -->\n<title>Experts en mode - fablabwapi.be<\/title>\n<meta name=\"description\" content=\"D\u00e9couvrez nos auteurs passionn\u00e9s de mode qui partagent leurs conseils, analyses des tendances et astuces pour affiner votre style avec \u00e9l\u00e9gance et durabilit\u00e9.\" \/>\n<meta name=\"robots\" content=\"index, follow, max-snippet:-1, max-image-preview:large, max-video-preview:-1\" \/>\n<link rel=\"canonical\" href=\"https:\/\/fablabwapi.be\/ro\/experts-en-mode\/\" \/>\n<meta property=\"og:locale\" content=\"ro_RO\" \/>\n<meta property=\"og:type\" content=\"article\" \/>\n<meta property=\"og:title\" content=\"Experts en mode - fablabwapi.be\" \/>\n<meta property=\"og:description\" content=\"D\u00e9couvrez nos auteurs passionn\u00e9s de mode qui partagent leurs conseils, analyses des tendances et astuces pour affiner votre style avec \u00e9l\u00e9gance et durabilit\u00e9.\" \/>\n<meta property=\"og:url\" content=\"https:\/\/fablabwapi.be\/ro\/experts-en-mode\/\" \/>\n<meta property=\"og:site_name\" content=\"fablabwapi.be\" \/>\n<meta property=\"article:modified_time\" content=\"2025-02-06T13:33:08+00:00\" \/>\n<meta name=\"twitter:card\" content=\"summary_large_image\" \/>\n<meta name=\"twitter:label1\" content=\"Timp estimat pentru citire\" \/>\n\t<meta name=\"twitter:data1\" content=\"1 minut\" \/>\n<script type=\"application\/ld+json\" class=\"yoast-schema-graph\">{\"@context\":\"https:\/\/schema.org\",\"@graph\":[{\"@type\":\"WebPage\",\"@id\":\"https:\/\/fablabwapi.be\/experts-en-mode\/\",\"url\":\"https:\/\/fablabwapi.be\/experts-en-mode\/\",\"name\":\"Experts en mode - fablabwapi.be\",\"isPartOf\":{\"@id\":\"https:\/\/fablabwapi.be\/#website\"},\"datePublished\":\"2025-02-06T13:33:05+00:00\",\"dateModified\":\"2025-02-06T13:33:08+00:00\",\"description\":\"D\u00e9couvrez nos auteurs passionn\u00e9s de mode qui partagent leurs conseils, analyses des tendances et astuces pour affiner votre style avec \u00e9l\u00e9gance et durabilit\u00e9.\",\"breadcrumb\":{\"@id\":\"https:\/\/fablabwapi.be\/experts-en-mode\/#breadcrumb\"},\"inLanguage\":\"ro-RO\",\"potentialAction\":[{\"@type\":\"ReadAction\",\"target\":[\"https:\/\/fablabwapi.be\/experts-en-mode\/\"]}]},{\"@type\":\"BreadcrumbList\",\"@id\":\"https:\/\/fablabwapi.be\/experts-en-mode\/#breadcrumb\",\"itemListElement\":[{\"@type\":\"ListItem\",\"position\":1,\"name\":\"Home\",\"item\":\"https:\/\/fablabwapi.be\/\"},{\"@type\":\"ListItem\",\"position\":2,\"name\":\"Experts en mode\"}]},{\"@type\":\"WebSite\",\"@id\":\"https:\/\/fablabwapi.be\/#website\",\"url\":\"https:\/\/fablabwapi.be\/\",\"name\":\"fablabwapi.be\",\"description\":\"Mode Tendance: Id\u00e9es et astuces pour une garde-robe \u00e9l\u00e9gante\",\"potentialAction\":[{\"@type\":\"SearchAction\",\"target\":{\"@type\":\"EntryPoint\",\"urlTemplate\":\"https:\/\/fablabwapi.be\/?s={search_term_string}\"},\"query-input\":\"required name=search_term_string\"}],\"inLanguage\":\"ro-RO\"}]}<\/script>\n<!-- \/ Yoast SEO plugin. -->","yoast_head_json":{"title":"Experts en mode - fablabwapi.be","description":"D\u00e9couvrez nos auteurs passionn\u00e9s de mode qui partagent leurs conseils, analyses des tendances et astuces pour affiner votre style avec \u00e9l\u00e9gance et durabilit\u00e9.","robots":{"index":"index","follow":"follow","max-snippet":"max-snippet:-1","max-image-preview":"max-image-preview:large","max-video-preview":"max-video-preview:-1"},"canonical":"https:\/\/fablabwapi.be\/ro\/experts-en-mode\/","og_locale":"ro_RO","og_type":"article","og_title":"Experts en mode - fablabwapi.be","og_description":"D\u00e9couvrez nos auteurs passionn\u00e9s de mode qui partagent leurs conseils, analyses des tendances et astuces pour affiner votre style avec \u00e9l\u00e9gance et durabilit\u00e9.","og_url":"https:\/\/fablabwapi.be\/ro\/experts-en-mode\/","og_site_name":"fablabwapi.be","article_modified_time":"2025-02-06T13:33:08+00:00","twitter_card":"summary_large_image","twitter_misc":{"Timp estimat pentru citire":"1 minut"},"schema":{"@context":"https:\/\/schema.org","@graph":[{"@type":"WebPage","@id":"https:\/\/fablabwapi.be\/experts-en-mode\/","url":"https:\/\/fablabwapi.be\/experts-en-mode\/","name":"Experts en mode - fablabwapi.be","isPartOf":{"@id":"https:\/\/fablabwapi.be\/#website"},"datePublished":"2025-02-06T13:33:05+00:00","dateModified":"2025-02-06T13:33:08+00:00","description":"D\u00e9couvrez nos auteurs passionn\u00e9s de mode qui partagent leurs conseils, analyses des tendances et astuces pour affiner votre style avec \u00e9l\u00e9gance et durabilit\u00e9.","breadcrumb":{"@id":"https:\/\/fablabwapi.be\/experts-en-mode\/#breadcrumb"},"inLanguage":"ro-RO","potentialAction":[{"@type":"ReadAction","target":["https:\/\/fablabwapi.be\/experts-en-mode\/"]}]},{"@type":"BreadcrumbList","@id":"https:\/\/fablabwapi.be\/experts-en-mode\/#breadcrumb","itemListElement":[{"@type":"ListItem","position":1,"name":"Home","item":"https:\/\/fablabwapi.be\/"},{"@type":"ListItem","position":2,"name":"Experts en mode"}]},{"@type":"WebSite","@id":"https:\/\/fablabwapi.be\/#website","url":"https:\/\/fablabwapi.be\/","name":"fablabwapi.be","description":"Mode Tendance: Id\u00e9es et astuces pour une garde-robe \u00e9l\u00e9gante","potentialAction":[{"@type":"SearchAction","target":{"@type":"EntryPoint","urlTemplate":"https:\/\/fablabwapi.be\/?s={search_term_string}"},"query-input":"required name=search_term_string"}],"inLanguage":"ro-RO"}]}},"yoast_meta":{"yoast_wpseo_title":"","yoast_wpseo_metadesc":"","yoast_wpseo_canonical":"https:\/\/fablabwapi.be\/ro\/wp-json\/wp\/v2\/pages\/41"},"_links":{"self":[{"href":"https:\/\/fablabwapi.be\/ro\/wp-json\/wp\/v2\/pages\/41","targetHints":{"allow":["GET"]}}],"collection":[{"href":"https:\/\/fablabwapi.be\/ro\/wp-json\/wp\/v2\/pages"}],"about":[{"href":"https:\/\/fablabwapi.be\/ro\/wp-json\/wp\/v2\/types\/page"}],"author":[{"embeddable":true,"href":"https:\/\/fablabwapi.be\/ro\/wp-json\/wp\/v2\/users\/1"}],"replies":[{"embeddable":true,"href":"https:\/\/fablabwapi.be\/ro\/wp-json\/wp\/v2\/comments?post=41"}],"version-history":[{"count":1,"href":"https:\/\/fablabwapi.be\/ro\/wp-json\/wp\/v2\/pages\/41\/revisions"}],"predecessor-version":[{"id":44,"href":"https:\/\/fablabwapi.be\/ro\/wp-json\/wp\/v2\/pages\/41\/revisions\/44"}],"wp:attachment":[{"href":"https:\/\/fablabwapi.be\/ro\/wp-json\/wp\/v2\/media?parent=41"}],"curies":[{"name":"wp","href":"https:\/\/api.w.org\/{rel}","templated":true}]}}