{"id":37,"date":"2025-02-06T09:31:23","date_gmt":"2025-02-06T09:31:23","guid":{"rendered":"https:\/\/fablabwapi.be\/coordonnees\/"},"modified":"2025-02-06T09:31:23","modified_gmt":"2025-02-06T09:31:23","slug":"coordonnees","status":"publish","type":"page","link":"https:\/\/fablabwapi.be\/ro\/coordonnees\/","title":{"rendered":"Date de contact"},"content":{"rendered":"<p>Ne-ar pl\u0103cea s\u0103 auzim \u00eentreb\u0103rile, sugestiile sau comentariile dumneavoastr\u0103. La Fablabwapi, ne angaj\u0103m s\u0103 oferim o experien\u021b\u0103 excep\u021bional\u0103 clien\u021bilor no\u0219tri. Nu ezita\u021bi s\u0103 ne contacta\u021bi!<\/p>\n<h2>Trimite\u021bi-ne un e-mail<\/h2>\n<p>Pentru orice \u00eentreb\u0103ri, sugestii sau solicit\u0103ri, v\u0103 rug\u0103m s\u0103 ne contacta\u021bi la urm\u0103toarea adres\u0103:<\/p>\n<p><a href=\"mailto:contact@fablabwapi.be\">contact@fablabwapi.be<\/a><\/p>\n<h2>Formular de feedback<\/h2>\n<p>Apreciem feedback-ul dumneavoastr\u0103! V\u0103 rug\u0103m s\u0103 completa\u021bi formularul de mai jos pentru a ne \u00eemp\u0103rt\u0103\u0219i ideile \u0219i sugestiile dumneavoastr\u0103.<\/p>\n<form action=\"\/ro\/submit_form\/\" method=\"POST\" data-trp-original-action=\"\/submit_form\">\n            <label for=\"name\">Nume:<\/label><br \/>\n            <input type=\"text\" id=\"name\" name=\"name\" required><\/p>\n<p>            <label for=\"email\">E-mail:<\/label><br \/>\n            <input type=\"email\" id=\"email\" name=\"email\" required><\/p>\n<p>            <label for=\"message\">Mesajul dvs :<\/label><br \/>\n            <textarea id=\"message\" name=\"message\" rows=\"4\" required><\/textarea><\/p>\n<p>            <button type=\"submit\">Trimite<\/button><br \/>\n        <input type=\"hidden\" name=\"trp-form-language\" value=\"ro\"\/><\/form>","protected":false},"excerpt":{"rendered":"<p>Nous serions ravis d&rsquo;entendre vos questions, suggestions ou commentaires. Chez Fablabwapi, nous nous engageons \u00e0 offrir une exp\u00e9rience exceptionnelle \u00e0 nos clients. N&rsquo;h\u00e9sitez pas&#46;&#46;&#46;<\/p>","protected":false},"author":1,"featured_media":0,"parent":0,"menu_order":0,"comment_status":"closed","ping_status":"closed","template":"","meta":{"_acf_changed":false,"footnotes":""},"class_list":["post-37","page","type-page","status-publish","hentry"],"acf":[],"yoast_head":"<!-- This site is optimized with the Yoast SEO plugin v23.2 - https:\/\/yoast.com\/wordpress\/plugins\/seo\/ -->\n<title>Coordonn\u00e9es - fablabwapi.be<\/title>\n<meta name=\"description\" content=\"Contactez Fablabwapi pour toute question sur la mode, nos articles et produits. Envoyez-nous vos suggestions et demandes par email.\" \/>\n<meta name=\"robots\" content=\"index, follow, max-snippet:-1, max-image-preview:large, max-video-preview:-1\" \/>\n<link rel=\"canonical\" href=\"https:\/\/fablabwapi.be\/ro\/coordonnees\/\" \/>\n<meta property=\"og:locale\" content=\"ro_RO\" \/>\n<meta property=\"og:type\" content=\"article\" \/>\n<meta property=\"og:title\" content=\"Coordonn\u00e9es - fablabwapi.be\" \/>\n<meta property=\"og:description\" content=\"Contactez Fablabwapi pour toute question sur la mode, nos articles et produits. Envoyez-nous vos suggestions et demandes par email.\" \/>\n<meta property=\"og:url\" content=\"https:\/\/fablabwapi.be\/ro\/coordonnees\/\" \/>\n<meta property=\"og:site_name\" content=\"fablabwapi.be\" \/>\n<meta name=\"twitter:card\" content=\"summary_large_image\" \/>\n<script type=\"application\/ld+json\" class=\"yoast-schema-graph\">{\"@context\":\"https:\/\/schema.org\",\"@graph\":[{\"@type\":\"WebPage\",\"@id\":\"https:\/\/fablabwapi.be\/coordonnees\/\",\"url\":\"https:\/\/fablabwapi.be\/coordonnees\/\",\"name\":\"Coordonn\u00e9es - fablabwapi.be\",\"isPartOf\":{\"@id\":\"https:\/\/fablabwapi.be\/#website\"},\"datePublished\":\"2025-02-06T09:31:23+00:00\",\"dateModified\":\"2025-02-06T09:31:23+00:00\",\"description\":\"Contactez Fablabwapi pour toute question sur la mode, nos articles et produits. Envoyez-nous vos suggestions et demandes par email.\",\"breadcrumb\":{\"@id\":\"https:\/\/fablabwapi.be\/coordonnees\/#breadcrumb\"},\"inLanguage\":\"ro-RO\",\"potentialAction\":[{\"@type\":\"ReadAction\",\"target\":[\"https:\/\/fablabwapi.be\/coordonnees\/\"]}]},{\"@type\":\"BreadcrumbList\",\"@id\":\"https:\/\/fablabwapi.be\/coordonnees\/#breadcrumb\",\"itemListElement\":[{\"@type\":\"ListItem\",\"position\":1,\"name\":\"Home\",\"item\":\"https:\/\/fablabwapi.be\/\"},{\"@type\":\"ListItem\",\"position\":2,\"name\":\"Coordonn\u00e9es\"}]},{\"@type\":\"WebSite\",\"@id\":\"https:\/\/fablabwapi.be\/#website\",\"url\":\"https:\/\/fablabwapi.be\/\",\"name\":\"fablabwapi.be\",\"description\":\"Mode Tendance: Id\u00e9es et astuces pour une garde-robe \u00e9l\u00e9gante\",\"potentialAction\":[{\"@type\":\"SearchAction\",\"target\":{\"@type\":\"EntryPoint\",\"urlTemplate\":\"https:\/\/fablabwapi.be\/?s={search_term_string}\"},\"query-input\":\"required name=search_term_string\"}],\"inLanguage\":\"ro-RO\"}]}<\/script>\n<!-- \/ Yoast SEO plugin. -->","yoast_head_json":{"title":"Coordonn\u00e9es - fablabwapi.be","description":"Contactez Fablabwapi pour toute question sur la mode, nos articles et produits. Envoyez-nous vos suggestions et demandes par email.","robots":{"index":"index","follow":"follow","max-snippet":"max-snippet:-1","max-image-preview":"max-image-preview:large","max-video-preview":"max-video-preview:-1"},"canonical":"https:\/\/fablabwapi.be\/ro\/coordonnees\/","og_locale":"ro_RO","og_type":"article","og_title":"Coordonn\u00e9es - fablabwapi.be","og_description":"Contactez Fablabwapi pour toute question sur la mode, nos articles et produits. Envoyez-nous vos suggestions et demandes par email.","og_url":"https:\/\/fablabwapi.be\/ro\/coordonnees\/","og_site_name":"fablabwapi.be","twitter_card":"summary_large_image","schema":{"@context":"https:\/\/schema.org","@graph":[{"@type":"WebPage","@id":"https:\/\/fablabwapi.be\/coordonnees\/","url":"https:\/\/fablabwapi.be\/coordonnees\/","name":"Coordonn\u00e9es - fablabwapi.be","isPartOf":{"@id":"https:\/\/fablabwapi.be\/#website"},"datePublished":"2025-02-06T09:31:23+00:00","dateModified":"2025-02-06T09:31:23+00:00","description":"Contactez Fablabwapi pour toute question sur la mode, nos articles et produits. Envoyez-nous vos suggestions et demandes par email.","breadcrumb":{"@id":"https:\/\/fablabwapi.be\/coordonnees\/#breadcrumb"},"inLanguage":"ro-RO","potentialAction":[{"@type":"ReadAction","target":["https:\/\/fablabwapi.be\/coordonnees\/"]}]},{"@type":"BreadcrumbList","@id":"https:\/\/fablabwapi.be\/coordonnees\/#breadcrumb","itemListElement":[{"@type":"ListItem","position":1,"name":"Home","item":"https:\/\/fablabwapi.be\/"},{"@type":"ListItem","position":2,"name":"Coordonn\u00e9es"}]},{"@type":"WebSite","@id":"https:\/\/fablabwapi.be\/#website","url":"https:\/\/fablabwapi.be\/","name":"fablabwapi.be","description":"Mode Tendance: Id\u00e9es et astuces pour une garde-robe \u00e9l\u00e9gante","potentialAction":[{"@type":"SearchAction","target":{"@type":"EntryPoint","urlTemplate":"https:\/\/fablabwapi.be\/?s={search_term_string}"},"query-input":"required name=search_term_string"}],"inLanguage":"ro-RO"}]}},"yoast_meta":{"yoast_wpseo_title":"","yoast_wpseo_metadesc":"","yoast_wpseo_canonical":"https:\/\/fablabwapi.be\/ro\/wp-json\/wp\/v2\/pages\/37"},"_links":{"self":[{"href":"https:\/\/fablabwapi.be\/ro\/wp-json\/wp\/v2\/pages\/37","targetHints":{"allow":["GET"]}}],"collection":[{"href":"https:\/\/fablabwapi.be\/ro\/wp-json\/wp\/v2\/pages"}],"about":[{"href":"https:\/\/fablabwapi.be\/ro\/wp-json\/wp\/v2\/types\/page"}],"author":[{"embeddable":true,"href":"https:\/\/fablabwapi.be\/ro\/wp-json\/wp\/v2\/users\/1"}],"replies":[{"embeddable":true,"href":"https:\/\/fablabwapi.be\/ro\/wp-json\/wp\/v2\/comments?post=37"}],"version-history":[{"count":0,"href":"https:\/\/fablabwapi.be\/ro\/wp-json\/wp\/v2\/pages\/37\/revisions"}],"wp:attachment":[{"href":"https:\/\/fablabwapi.be\/ro\/wp-json\/wp\/v2\/media?parent=37"}],"curies":[{"name":"wp","href":"https:\/\/api.w.org\/{rel}","templated":true}]}}