{"id":36,"date":"2025-02-06T09:31:22","date_gmt":"2025-02-06T09:31:22","guid":{"rendered":"https:\/\/fablabwapi.be\/a-propos-de-nous\/"},"modified":"2025-02-06T13:33:49","modified_gmt":"2025-02-06T13:33:49","slug":"a-propos-de-nous","status":"publish","type":"page","link":"https:\/\/fablabwapi.be\/ro\/a-propos-de-nous\/","title":{"rendered":"Despre noi"},"content":{"rendered":"<p>Bienvenue sur notre blog, un espace d\u00e9di\u00e9 aux passionn\u00e9s de mode et de v\u00eatements. Ici, nous partageons des conseils, des inspirations et des id\u00e9es pour vous aider \u00e0 affiner votre style et exprimer votre personnalit\u00e9 \u00e0 travers la mode.<\/p>\n<p><img loading=\"lazy\" decoding=\"async\" class=\"aligncenter wp-image-35 size-full\" src=\"https:\/\/fablabwapi.be\/wp-content\/uploads\/2025\/02\/stilnaya-zhenshhina-srednih-let-v-bordovom-palto-progulivaetsya-po-gorodskoj-ulicze-odetaya-v.jpg\" alt=\"\" width=\"612\" height=\"408\" srcset=\"https:\/\/fablabwapi.be\/wp-content\/uploads\/2025\/02\/stilnaya-zhenshhina-srednih-let-v-bordovom-palto-progulivaetsya-po-gorodskoj-ulicze-odetaya-v.jpg 612w, https:\/\/fablabwapi.be\/wp-content\/uploads\/2025\/02\/stilnaya-zhenshhina-srednih-let-v-bordovom-palto-progulivaetsya-po-gorodskoj-ulicze-odetaya-v-300x200.jpg 300w\" sizes=\"auto, (max-width: 612px) 100vw, 612px\" \/><\/p>\n<h2>Ce que vous d\u00e9couvrirez ici<\/h2>\n<p>Nous explorons les multiples facettes de l\u2019univers vestimentaire et vous proposons des contenus riches et vari\u00e9s:<\/p>\n<ul>\n<li>Les tendances mode incontournables de chaque saison<\/li>\n<li>Des guides pratiques pour assembler des tenues harmonieuses<\/li>\n<li>Des inspirations venues des cr\u00e9ateurs et des podiums<\/li>\n<li>Des conseils pour un shopping intelligent et responsable<\/li>\n<li>Des zooms sur des marques \u00e9mergentes et \u00e9thiques<\/li>\n<\/ul>\n<h2>Notre engagement<\/h2>\n<p>Nous croyons que la mode est bien plus qu\u2019un simple v\u00eatement : c\u2019est un langage, une expression de soi et un art en perp\u00e9tuelle \u00e9volution. Notre mission est de vous accompagner dans la cr\u00e9ation d\u2019un style qui vous ressemble.<\/p>\n<h2>Faites partie de l\u2019aventure<\/h2>\n<p>Rejoignez notre communaut\u00e9 pour ne rien manquer des nouveaut\u00e9s mode et partagez votre passion avec d\u2019autres amateurs de style.<\/p>","protected":false},"excerpt":{"rendered":"<p>Bienvenue sur notre blog, un espace d\u00e9di\u00e9 aux passionn\u00e9s de mode et de v\u00eatements. Ici, nous partageons des conseils, des inspirations et des id\u00e9es&#46;&#46;&#46;<\/p>","protected":false},"author":1,"featured_media":0,"parent":0,"menu_order":0,"comment_status":"closed","ping_status":"closed","template":"","meta":{"_acf_changed":false,"footnotes":""},"class_list":["post-36","page","type-page","status-publish","hentry"],"acf":[],"yoast_head":"<!-- This site is optimized with the Yoast SEO plugin v23.2 - https:\/\/yoast.com\/wordpress\/plugins\/seo\/ -->\n<title>\u00c0 propos de nous - fablabwapi.be<\/title>\n<meta name=\"description\" content=\"Explorez notre blog d\u00e9di\u00e9 \u00e0 la mode et aux v\u00eatements. Astuces, tendances et inspirations pour un style unique et affirm\u00e9.\" \/>\n<meta name=\"robots\" content=\"index, follow, max-snippet:-1, max-image-preview:large, max-video-preview:-1\" \/>\n<link rel=\"canonical\" href=\"https:\/\/fablabwapi.be\/ro\/a-propos-de-nous\/\" \/>\n<meta property=\"og:locale\" content=\"ro_RO\" \/>\n<meta property=\"og:type\" content=\"article\" \/>\n<meta property=\"og:title\" content=\"\u00c0 propos de nous - fablabwapi.be\" \/>\n<meta property=\"og:description\" content=\"Explorez notre blog d\u00e9di\u00e9 \u00e0 la mode et aux v\u00eatements. Astuces, tendances et inspirations pour un style unique et affirm\u00e9.\" \/>\n<meta property=\"og:url\" content=\"https:\/\/fablabwapi.be\/ro\/a-propos-de-nous\/\" \/>\n<meta property=\"og:site_name\" content=\"fablabwapi.be\" \/>\n<meta property=\"article:modified_time\" content=\"2025-02-06T13:33:49+00:00\" \/>\n<meta property=\"og:image\" content=\"https:\/\/fablabwapi.be\/wp-content\/uploads\/2025\/02\/stilnaya-zhenshhina-srednih-let-v-bordovom-palto-progulivaetsya-po-gorodskoj-ulicze-odetaya-v.jpg\" \/>\n<meta name=\"twitter:card\" content=\"summary_large_image\" \/>\n<meta name=\"twitter:label1\" content=\"Timp estimat pentru citire\" \/>\n\t<meta name=\"twitter:data1\" content=\"2 minute\" \/>\n<script type=\"application\/ld+json\" class=\"yoast-schema-graph\">{\"@context\":\"https:\/\/schema.org\",\"@graph\":[{\"@type\":\"WebPage\",\"@id\":\"https:\/\/fablabwapi.be\/a-propos-de-nous\/\",\"url\":\"https:\/\/fablabwapi.be\/a-propos-de-nous\/\",\"name\":\"\u00c0 propos de nous - fablabwapi.be\",\"isPartOf\":{\"@id\":\"https:\/\/fablabwapi.be\/#website\"},\"primaryImageOfPage\":{\"@id\":\"https:\/\/fablabwapi.be\/a-propos-de-nous\/#primaryimage\"},\"image\":{\"@id\":\"https:\/\/fablabwapi.be\/a-propos-de-nous\/#primaryimage\"},\"thumbnailUrl\":\"https:\/\/fablabwapi.be\/wp-content\/uploads\/2025\/02\/stilnaya-zhenshhina-srednih-let-v-bordovom-palto-progulivaetsya-po-gorodskoj-ulicze-odetaya-v.jpg\",\"datePublished\":\"2025-02-06T09:31:22+00:00\",\"dateModified\":\"2025-02-06T13:33:49+00:00\",\"description\":\"Explorez notre blog d\u00e9di\u00e9 \u00e0 la mode et aux v\u00eatements. Astuces, tendances et inspirations pour un style unique et affirm\u00e9.\",\"breadcrumb\":{\"@id\":\"https:\/\/fablabwapi.be\/a-propos-de-nous\/#breadcrumb\"},\"inLanguage\":\"ro-RO\",\"potentialAction\":[{\"@type\":\"ReadAction\",\"target\":[\"https:\/\/fablabwapi.be\/a-propos-de-nous\/\"]}]},{\"@type\":\"ImageObject\",\"inLanguage\":\"ro-RO\",\"@id\":\"https:\/\/fablabwapi.be\/a-propos-de-nous\/#primaryimage\",\"url\":\"https:\/\/fablabwapi.be\/wp-content\/uploads\/2025\/02\/stilnaya-zhenshhina-srednih-let-v-bordovom-palto-progulivaetsya-po-gorodskoj-ulicze-odetaya-v.jpg\",\"contentUrl\":\"https:\/\/fablabwapi.be\/wp-content\/uploads\/2025\/02\/stilnaya-zhenshhina-srednih-let-v-bordovom-palto-progulivaetsya-po-gorodskoj-ulicze-odetaya-v.jpg\"},{\"@type\":\"BreadcrumbList\",\"@id\":\"https:\/\/fablabwapi.be\/a-propos-de-nous\/#breadcrumb\",\"itemListElement\":[{\"@type\":\"ListItem\",\"position\":1,\"name\":\"Home\",\"item\":\"https:\/\/fablabwapi.be\/\"},{\"@type\":\"ListItem\",\"position\":2,\"name\":\"\u00c0 propos de nous\"}]},{\"@type\":\"WebSite\",\"@id\":\"https:\/\/fablabwapi.be\/#website\",\"url\":\"https:\/\/fablabwapi.be\/\",\"name\":\"fablabwapi.be\",\"description\":\"Mode Tendance: Id\u00e9es et astuces pour une garde-robe \u00e9l\u00e9gante\",\"potentialAction\":[{\"@type\":\"SearchAction\",\"target\":{\"@type\":\"EntryPoint\",\"urlTemplate\":\"https:\/\/fablabwapi.be\/?s={search_term_string}\"},\"query-input\":\"required name=search_term_string\"}],\"inLanguage\":\"ro-RO\"}]}<\/script>\n<!-- \/ Yoast SEO plugin. -->","yoast_head_json":{"title":"\u00c0 propos de nous - fablabwapi.be","description":"Explorez notre blog d\u00e9di\u00e9 \u00e0 la mode et aux v\u00eatements. Astuces, tendances et inspirations pour un style unique et affirm\u00e9.","robots":{"index":"index","follow":"follow","max-snippet":"max-snippet:-1","max-image-preview":"max-image-preview:large","max-video-preview":"max-video-preview:-1"},"canonical":"https:\/\/fablabwapi.be\/ro\/a-propos-de-nous\/","og_locale":"ro_RO","og_type":"article","og_title":"\u00c0 propos de nous - fablabwapi.be","og_description":"Explorez notre blog d\u00e9di\u00e9 \u00e0 la mode et aux v\u00eatements. Astuces, tendances et inspirations pour un style unique et affirm\u00e9.","og_url":"https:\/\/fablabwapi.be\/ro\/a-propos-de-nous\/","og_site_name":"fablabwapi.be","article_modified_time":"2025-02-06T13:33:49+00:00","og_image":[{"url":"https:\/\/fablabwapi.be\/wp-content\/uploads\/2025\/02\/stilnaya-zhenshhina-srednih-let-v-bordovom-palto-progulivaetsya-po-gorodskoj-ulicze-odetaya-v.jpg"}],"twitter_card":"summary_large_image","twitter_misc":{"Timp estimat pentru citire":"2 minute"},"schema":{"@context":"https:\/\/schema.org","@graph":[{"@type":"WebPage","@id":"https:\/\/fablabwapi.be\/a-propos-de-nous\/","url":"https:\/\/fablabwapi.be\/a-propos-de-nous\/","name":"\u00c0 propos de nous - fablabwapi.be","isPartOf":{"@id":"https:\/\/fablabwapi.be\/#website"},"primaryImageOfPage":{"@id":"https:\/\/fablabwapi.be\/a-propos-de-nous\/#primaryimage"},"image":{"@id":"https:\/\/fablabwapi.be\/a-propos-de-nous\/#primaryimage"},"thumbnailUrl":"https:\/\/fablabwapi.be\/wp-content\/uploads\/2025\/02\/stilnaya-zhenshhina-srednih-let-v-bordovom-palto-progulivaetsya-po-gorodskoj-ulicze-odetaya-v.jpg","datePublished":"2025-02-06T09:31:22+00:00","dateModified":"2025-02-06T13:33:49+00:00","description":"Explorez notre blog d\u00e9di\u00e9 \u00e0 la mode et aux v\u00eatements. Astuces, tendances et inspirations pour un style unique et affirm\u00e9.","breadcrumb":{"@id":"https:\/\/fablabwapi.be\/a-propos-de-nous\/#breadcrumb"},"inLanguage":"ro-RO","potentialAction":[{"@type":"ReadAction","target":["https:\/\/fablabwapi.be\/a-propos-de-nous\/"]}]},{"@type":"ImageObject","inLanguage":"ro-RO","@id":"https:\/\/fablabwapi.be\/a-propos-de-nous\/#primaryimage","url":"https:\/\/fablabwapi.be\/wp-content\/uploads\/2025\/02\/stilnaya-zhenshhina-srednih-let-v-bordovom-palto-progulivaetsya-po-gorodskoj-ulicze-odetaya-v.jpg","contentUrl":"https:\/\/fablabwapi.be\/wp-content\/uploads\/2025\/02\/stilnaya-zhenshhina-srednih-let-v-bordovom-palto-progulivaetsya-po-gorodskoj-ulicze-odetaya-v.jpg"},{"@type":"BreadcrumbList","@id":"https:\/\/fablabwapi.be\/a-propos-de-nous\/#breadcrumb","itemListElement":[{"@type":"ListItem","position":1,"name":"Home","item":"https:\/\/fablabwapi.be\/"},{"@type":"ListItem","position":2,"name":"\u00c0 propos de nous"}]},{"@type":"WebSite","@id":"https:\/\/fablabwapi.be\/#website","url":"https:\/\/fablabwapi.be\/","name":"fablabwapi.be","description":"Mode Tendance: Id\u00e9es et astuces pour une garde-robe \u00e9l\u00e9gante","potentialAction":[{"@type":"SearchAction","target":{"@type":"EntryPoint","urlTemplate":"https:\/\/fablabwapi.be\/?s={search_term_string}"},"query-input":"required name=search_term_string"}],"inLanguage":"ro-RO"}]}},"yoast_meta":{"yoast_wpseo_title":"","yoast_wpseo_metadesc":"","yoast_wpseo_canonical":"https:\/\/fablabwapi.be\/ro\/wp-json\/wp\/v2\/pages\/36"},"_links":{"self":[{"href":"https:\/\/fablabwapi.be\/ro\/wp-json\/wp\/v2\/pages\/36","targetHints":{"allow":["GET"]}}],"collection":[{"href":"https:\/\/fablabwapi.be\/ro\/wp-json\/wp\/v2\/pages"}],"about":[{"href":"https:\/\/fablabwapi.be\/ro\/wp-json\/wp\/v2\/types\/page"}],"author":[{"embeddable":true,"href":"https:\/\/fablabwapi.be\/ro\/wp-json\/wp\/v2\/users\/1"}],"replies":[{"embeddable":true,"href":"https:\/\/fablabwapi.be\/ro\/wp-json\/wp\/v2\/comments?post=36"}],"version-history":[{"count":1,"href":"https:\/\/fablabwapi.be\/ro\/wp-json\/wp\/v2\/pages\/36\/revisions"}],"predecessor-version":[{"id":45,"href":"https:\/\/fablabwapi.be\/ro\/wp-json\/wp\/v2\/pages\/36\/revisions\/45"}],"wp:attachment":[{"href":"https:\/\/fablabwapi.be\/ro\/wp-json\/wp\/v2\/media?parent=36"}],"curies":[{"name":"wp","href":"https:\/\/api.w.org\/{rel}","templated":true}]}}